{"id":1500,"date":"2020-04-01T14:53:40","date_gmt":"2020-04-01T12:53:40","guid":{"rendered":"https:\/\/www.wedeflex.nl\/algemene-voorwaarden\/"},"modified":"2020-06-30T14:54:36","modified_gmt":"2020-06-30T12:54:36","slug":"disclaimer","status":"publish","type":"page","link":"https:\/\/test.wedeflex.nl\/en\/disclaimer\/","title":{"rendered":"Disclaimer"},"content":{"rendered":"<div class=\"unreset-css\"><p>This website and the information on this website falls under the responsibility of W\u00e9d\u00e9flex International B.V.. W\u00e9d\u00e9flex International B.V. does its utmost to ensure that the website and the information on the website is up-to-date, accessible, correct and complete. Part of the information may, however, be outdated, incomplete or incorrect. No rights can therefore be derived from this website and the information on this website.<\/p>\n<p>W\u00e9d\u00e9flex International B.V. hereby expressly disclaims to the extent permitted by law any representations or warranties of any kind, express or implied, including warranties of merchantability, fitness for any particular purpose, or as to the operation of this website or the information on this website. Any material downloaded or otherwise obtained through the use of this website is done at your own discretion and risk. All rights of intellectual property remain at W\u00e9d\u00e9flex International B.V..<\/p>\n<\/div>","protected":false},"excerpt":{"rendered":"<div class=\"unreset-css\"><p>This website and the information on this website falls under the responsibility of W\u00e9d\u00e9flex International B.V.. W\u00e9d\u00e9flex International B.V. does its utmost to ensure that the website and the information on the website is up-to-date, accessible, correct and complete. Part of the information may, however, be outdated, incomplete or incorrect. No rights can therefore be&#8230; <span class=\"read-more\"><span class=\"icon-play\"><\/span><\/span><\/p>\n<\/div>","protected":false},"author":8,"featured_media":1339,"parent":0,"menu_order":9,"comment_status":"closed","ping_status":"closed","template":"","meta":[],"_links":{"self":[{"href":"https:\/\/test.wedeflex.nl\/en\/wp-json\/wp\/v2\/pages\/1500"}],"collection":[{"href":"https:\/\/test.wedeflex.nl\/en\/wp-json\/wp\/v2\/pages"}],"about":[{"href":"https:\/\/test.wedeflex.nl\/en\/wp-json\/wp\/v2\/types\/page"}],"author":[{"embeddable":true,"href":"https:\/\/test.wedeflex.nl\/en\/wp-json\/wp\/v2\/users\/8"}],"replies":[{"embeddable":true,"href":"https:\/\/test.wedeflex.nl\/en\/wp-json\/wp\/v2\/comments?post=1500"}],"version-history":[{"count":2,"href":"https:\/\/test.wedeflex.nl\/en\/wp-json\/wp\/v2\/pages\/1500\/revisions"}],"predecessor-version":[{"id":1509,"href":"https:\/\/test.wedeflex.nl\/en\/wp-json\/wp\/v2\/pages\/1500\/revisions\/1509"}],"wp:featuredmedia":[{"embeddable":true,"href":"https:\/\/test.wedeflex.nl\/en\/wp-json\/wp\/v2\/media\/1339"}],"wp:attachment":[{"href":"https:\/\/test.wedeflex.nl\/en\/wp-json\/wp\/v2\/media?parent=1500"}],"curies":[{"name":"wp","href":"https:\/\/api.w.org\/{rel}","templated":true}]}}